{"id":2764,"date":"2018-10-18T13:03:37","date_gmt":"2018-10-18T09:03:37","guid":{"rendered":"https:\/\/pkmarze.ru\/?post_type=product&#038;p=2764"},"modified":"2026-04-01T14:44:40","modified_gmt":"2026-04-01T10:44:40","slug":"polotentsesushitel-f-l25","status":"publish","type":"product","link":"https:\/\/pkmarze.ru\/pl\/vodyanye-polotentsesushiteli\/profil\/polotentsesushitel-f-l25\/","title":{"rendered":"Podgrzewany wieszak na r\u0119czniki L7 (KV)"},"content":{"rendered":"<p><strong> Kolor: <\/strong> Chrome<br \/>\n<strong> Powierzchnia: <\/strong> lustro<br \/>\n<strong> Zasi\u0119g: <\/strong> niedost\u0119pny<br \/>\n<strong> Typ: <\/strong> znak wodny<br \/>\n<strong> Materia\u0142: <\/strong> stal nierdzewna AISI304 do \u017cywno\u015bci<br \/>\n<strong> Grubo\u015b\u0107 \u015bcianki kolektora: <\/strong> 2,0 mm<br \/>\n<strong> Ci\u015bnienie robocze: <\/strong> 12 atm (maks. 24,5 atm)<br \/>\n<strong> Ci\u015bnienie pr\u00f3bne: <\/strong> 40 atm<br \/>\n<strong> Temperatura powierzchni: <\/strong> maks. 115 \u00b0 C<br \/>\n<strong> Gwarancja: <\/strong> 60 miesi\u0119cy od daty sprzeda\u017cy produktu<br \/>\n<strong> \u017bywotno\u015b\u0107: <\/strong> powy\u017cej 10 lat<\/p>","protected":false},"excerpt":{"rendered":"<p>Kolor: Chrome Powierzchnia: lustro Zasi\u0119g: niedost\u0119pny Typ: znak wodny Materia\u0142: stal nierdzewna AISI304 do \u017cywno\u015bci Grubo\u015b\u0107 \u015bcianki kolektora: 2,0 mm Ci\u015bnienie robocze: 12 atm (maks. 24,5 atm) Ci\u015bnienie pr\u00f3bne: 40 atm Temperatura powierzchni: maks. 115 \u00b0 C Gwarancja: 60 miesi\u0119cy od daty sprzeda\u017cy produktu \u017bywotno\u015b\u0107: powy\u017cej 10 lat<\/p>\n","protected":false},"featured_media":2765,"template":"","meta":[],"_links":{"self":[{"href":"https:\/\/pkmarze.ru\/pl\/wp-json\/wp\/v2\/product\/2764"}],"collection":[{"href":"https:\/\/pkmarze.ru\/pl\/wp-json\/wp\/v2\/product"}],"about":[{"href":"https:\/\/pkmarze.ru\/pl\/wp-json\/wp\/v2\/types\/product"}],"wp:featuredmedia":[{"embeddable":true,"href":"https:\/\/pkmarze.ru\/pl\/wp-json\/wp\/v2\/media\/2765"}],"wp:attachment":[{"href":"https:\/\/pkmarze.ru\/pl\/wp-json\/wp\/v2\/media?parent=2764"}],"curies":[{"name":"wp","href":"https:\/\/api.w.org\/{rel}","templated":true}]}}