{"id":3075,"date":"2019-11-26T17:59:29","date_gmt":"2019-11-26T13:59:29","guid":{"rendered":"https:\/\/pkmarze.ru\/?post_type=product&#038;p=3075"},"modified":"2025-01-16T10:49:48","modified_gmt":"2025-01-16T06:49:48","slug":"dushevye-shtorki-f-111","status":"publish","type":"product","link":"https:\/\/pkmarze.ru\/pl\/shtorki-dlya-vannoj\/dushevye-shtorki-f-111\/","title":{"rendered":"Zas\u0142ony do wanny   F-111"},"content":{"rendered":"<p>Przezroczyste szyby przednie z bia\u0142ym paskiem Grubo\u015b\u0107 szk\u0142a &#8211; 6 mm.<\/p>\n<p><strong>producent:<\/strong>  FIINN<br \/>\n<strong>Kraj:<\/strong> Rosja<br \/>\n<strong>Rozmiar:<\/strong> 115&#215;140<br \/>\n<strong>Gwarancja producenta:<\/strong> 1 rok<\/p>","protected":false},"excerpt":{"rendered":"<p>Przezroczyste szyby przednie z bia\u0142ym paskiem Grubo\u015b\u0107 szk\u0142a &#8211; 6 mm. producent: FIINN Kraj: Rosja Rozmiar: 115&#215;140 Gwarancja producenta: 1 rok<\/p>\n","protected":false},"featured_media":3077,"template":"","meta":[],"_links":{"self":[{"href":"https:\/\/pkmarze.ru\/pl\/wp-json\/wp\/v2\/product\/3075"}],"collection":[{"href":"https:\/\/pkmarze.ru\/pl\/wp-json\/wp\/v2\/product"}],"about":[{"href":"https:\/\/pkmarze.ru\/pl\/wp-json\/wp\/v2\/types\/product"}],"wp:featuredmedia":[{"embeddable":true,"href":"https:\/\/pkmarze.ru\/pl\/wp-json\/wp\/v2\/media\/3077"}],"wp:attachment":[{"href":"https:\/\/pkmarze.ru\/pl\/wp-json\/wp\/v2\/media?parent=3075"}],"curies":[{"name":"wp","href":"https:\/\/api.w.org\/{rel}","templated":true}]}}