{"id":730,"date":"2014-06-04T03:16:25","date_gmt":"2014-06-03T23:16:25","guid":{"rendered":"https:\/\/pkmarze.ru\/\u0442\u043e\u0432\u0430\u0440\/%d0%b2%d0%be%d0%b4%d1%8f%d0%bd%d1%8b%d0%b5-%d0%bc-%d0%b8-%d0%bf\/%d0%bf%d0%be%d0%bb%d0%be%d1%82%d0%b5%d0%bd%d1%86%d0%b5%d1%81%d1%83%d1%88%d0%b8%d1%82%d0%b5%d0%bb%d1%8c-m-1\/"},"modified":"2025-01-17T11:45:05","modified_gmt":"2025-01-17T07:45:05","slug":"polotentsesushitel-m-1-s-polkoj","status":"publish","type":"product","link":"https:\/\/pkmarze.ru\/pl\/vodyanye-polotentsesushiteli\/p-m-obraznye\/polotentsesushitel-m-1-s-polkoj\/","title":{"rendered":"Suszarka na r\u0119czniki M1 &#8222;z p\u00f3\u0142k\u0105"},"content":{"rendered":"<p><strong> Kolor: <\/strong> Chrome<br \/>\n<strong> Powierzchnia: <\/strong> lustro<br \/>\n<strong> Zasi\u0119g: <\/strong> niedost\u0119pny<br \/>\n<strong> Typ: <\/strong> znak wodny<br \/>\n<strong> Materia\u0142: <\/strong> stal nierdzewna AISI304 do \u017cywno\u015bci<br \/>\n<strong> Grubo\u015b\u0107 \u015bcianki kolektora: <\/strong> 2,0 mm<br \/>\n<strong> Ci\u015bnienie robocze: <\/strong> 12 atm (maks. 24,5 atm)<br \/>\n<strong> Ci\u015bnienie pr\u00f3bne: <\/strong> 40 atm<br \/>\n<strong> Temperatura powierzchni: <\/strong> maks. 115 \u00b0 C<br \/>\n<strong> Etykietowanie: <\/strong> logo firmy<br \/>\n<strong> Gwarancja: <\/strong> 60 miesi\u0119cy od daty sprzeda\u017cy produktu<br \/>\n<strong> \u017bywotno\u015b\u0107: <\/strong> powy\u017cej 10 lat<\/p>","protected":false},"excerpt":{"rendered":"<h2 class=\"block-title\" style=\"color: #fffffc;\"><span style=\"color: #000000;\">\u0425\u0430\u0440\u0430\u043a\u0442\u0435\u0440\u0438\u0441\u0442\u0438\u043a\u0438<\/span><\/h2>\n<div class=\"view view-product-one view-id-product_one view-display-id-block_1 view-dom-id-c9af5ca5c6c3ada0014580061a241353\" style=\"color: #555555;\">\n<div class=\"view-content\">\n<div class=\"views-row views-row-1 views-row-odd views-row-first views-row-last\">\n<div class=\"views-field views-field-field-color\"><span class=\"views-label views-label-field-color\" style=\"font-weight: bold; color: #2e2e2e;\">\u0426\u0432\u0435\u0442:\u00a0<\/span><span class=\"field-content\">\u0425\u0440\u043e\u043c<\/span><\/div>\n<div class=\"views-field views-field-field-surface\"><span class=\"views-label views-label-field-surface\" style=\"font-weight: bold; color: #2e2e2e;\">\u041f\u043e\u0432\u0435\u0440\u0445\u043d\u043e\u0441\u0442\u044c:\u00a0<\/span><span class=\"field-content\">\u0417\u0435\u0440\u043a\u0430\u043b\u044c\u043d\u0430\u044f<\/span><\/div>\n<div class=\"views-field views-field-field-coating\"><span class=\"views-label views-label-field-coating\" style=\"font-weight: bold; color: #2e2e2e;\">\u041f\u043e\u043a\u0440\u044b\u0442\u0438\u0435:\u00a0<\/span><span class=\"field-content\">\u041e\u0442\u0441\u0443\u0442\u0441\u0442\u0432\u0443\u0435\u0442<\/span><\/div>\n<div class=\"views-field views-field-field-type\"><span class=\"views-label views-label-field-type\" style=\"font-weight: bold; color: #2e2e2e;\">\u0422\u0438\u043f:\u00a0<\/span><span class=\"field-content\">\u0412\u043e\u0434\u044f\u043d\u043e\u0439<\/span><\/div>\n<div class=\"views-field views-field-field-material\"><span class=\"views-label views-label-field-material\" style=\"font-weight: bold; color: #2e2e2e;\">\u041c\u0430\u0442\u0435\u0440\u0438\u0430\u043b:\u00a0<\/span><span class=\"field-content\">\u041f\u0438\u0449\u0435\u0432\u0430\u044f \u043d\u0435\u0440\u0436\u0430\u0432\u0435\u044e\u0449\u0430\u044f \u0441\u0442\u0430\u043b\u044c \u043c\u0430\u0440\u043a\u0438 AISI304<\/span><\/div>\n<div class=\"views-field views-field-field-kollector-sten\"><span class=\"views-label views-label-field-kollector-sten\" style=\"font-weight: bold; color: #2e2e2e;\">\u0422\u043e\u043b\u0449\u0438\u043d\u0430 \u0441\u0442\u0435\u043d\u043a\u0438 \u043a\u043e\u043b\u043b\u0435\u043a\u0442\u043e\u0440\u0430:\u00a0<\/span><span class=\"field-content\">2,0 \u043c\u043c<\/span><\/div>\n<div class=\"views-field views-field-field-pressurize\"><span class=\"views-label views-label-field-pressurize\" style=\"font-weight: bold; color: #2e2e2e;\">\u0420\u0430\u0431\u043e\u0447\u0435\u0435 \u0434\u0430\u0432\u043b\u0435\u043d\u0438\u0435:\u00a0<\/span><span class=\"field-content\">12 \u0430\u0442\u043c (24,5 \u0430\u0442\u043c max)<\/span><\/div>\n<div class=\"views-field views-field-field-testing\"><span class=\"views-label views-label-field-testing\" style=\"font-weight: bold; color: #2e2e2e;\">\u0414\u0430\u0432\u043b\u0435\u043d\u0438\u0435 \u043f\u0440\u0438 \u0438\u0441\u043f\u044b\u0442\u0430\u043d\u0438\u0438:\u00a0<\/span><span class=\"field-content\">40 \u0430\u0442\u043c<\/span><\/div>\n<div class=\"views-field views-field-field-temperature\"><span class=\"views-label views-label-field-temperature\" style=\"font-weight: bold; color: #2e2e2e;\">\u0422\u0435\u043c\u043f\u0435\u0440\u0430\u0442\u0443\u0440\u0430 \u043f\u043e\u0432\u0435\u0440\u0445\u043d\u043e\u0441\u0442\u0438:\u00a0<\/span><span class=\"field-content\">115\u0421 max<\/span><\/div>\n<div class=\"views-field views-field-field-marc\"><span class=\"views-label views-label-field-marc\" style=\"font-weight: bold; color: #2e2e2e;\">\u041c\u0430\u0440\u043a\u0438\u0440\u043e\u0432\u043a\u0430:\u00a0<\/span><span class=\"field-content\">\u041b\u043e\u0433\u043e\u0442\u0438\u043f \u043a\u043e\u043c\u043f\u0430\u043d\u0438\u0438<\/span><\/div>\n<div class=\"views-field views-field-field-garant\"><span class=\"views-label views-label-field-garant\" style=\"font-weight: bold; color: #2e2e2e;\">\u0413\u0430\u0440\u0430\u043d\u0442\u0438\u044f:\u00a0<\/span><span class=\"field-content\">60 \u043c\u0435\u0441\u044f\u0446\u0435\u0432 \u043e\u0442 \u0434\u0430\u0442\u044b \u043f\u0440\u043e\u0434\u0430\u0436\u0438 \u0438\u0437\u0434\u0435\u043b\u0438\u044f<\/span><\/div>\n<div class=\"views-field views-field-field-srok\"><span class=\"views-label views-label-field-srok\" style=\"font-weight: bold; color: #2e2e2e;\">\u0421\u0440\u043e\u043a \u0441\u043b\u0443\u0436\u0431\u044b:\u00a0<\/span><span class=\"field-content\">\u0411\u043e\u043b\u0435\u0435 10 \u043b\u0435\u0442<\/span><\/div>\n<div class=\"views-field views-field-field-srok\"><\/div>\n<div class=\"views-field views-field-field-srok\"><\/div>\n<div class=\"views-field views-field-field-srok\"><span style=\"text-decoration: underline;\"><strong>\u0412\u044b\u0431\u0435\u0440\u0438\u0442\u0435 \u0440\u0430\u0437\u043c\u0435\u0440 \u0438\u0437\u0434\u0435\u043b\u0438\u044f \u0438 \u043f\u043e\u044f\u0432\u0438\u0442\u044c\u0441\u044f \u043e\u043f\u0446\u0438\u044f \u043e\u043f\u043b\u0430\u0442\u044b<\/strong><\/span><\/div>\n<\/div>\n<\/div>\n<\/div>\n","protected":false},"featured_media":2313,"template":"","meta":[],"_links":{"self":[{"href":"https:\/\/pkmarze.ru\/pl\/wp-json\/wp\/v2\/product\/730"}],"collection":[{"href":"https:\/\/pkmarze.ru\/pl\/wp-json\/wp\/v2\/product"}],"about":[{"href":"https:\/\/pkmarze.ru\/pl\/wp-json\/wp\/v2\/types\/product"}],"wp:featuredmedia":[{"embeddable":true,"href":"https:\/\/pkmarze.ru\/pl\/wp-json\/wp\/v2\/media\/2313"}],"wp:attachment":[{"href":"https:\/\/pkmarze.ru\/pl\/wp-json\/wp\/v2\/media?parent=730"}],"curies":[{"name":"wp","href":"https:\/\/api.w.org\/{rel}","templated":true}]}}